{"id":51,"date":"2022-11-26T14:55:57","date_gmt":"2022-11-26T13:55:57","guid":{"rendered":"http:\/\/localhost\/wp01\/?page_id=51"},"modified":"2022-12-19T15:20:39","modified_gmt":"2022-12-19T14:20:39","slug":"le-club","status":"publish","type":"page","link":"https:\/\/www.ramm.be\/cms\/le-club\/","title":{"rendered":"Le club"},"content":{"rendered":"\n<div class=\"wp-block-group has-border-color has-secondary-border-color has-global-padding is-layout-constrained wp-container-core-group-is-layout-d5bb4f35 wp-block-group-is-layout-constrained\" style=\"border-width:2px;border-radius:6px;padding-top:10px;padding-right:10px;padding-bottom:10px;padding-left:10px\">\n<p><a href=\"\/cms\/comite\/\">Comit\u00e9<\/a> &#8211; <a href=\"\/cms\/localisation\/\">Localisation<\/a> &#8211; <a href=\"\/cms\/historique\/\">Historique<\/a><\/p>\n<\/div>\n\n\n\n<h3 class=\"wp-block-heading\">Bienvenue sur le site officiel de la Royale Alliance Melen-Micheroux RAMM<\/h3>\n\n\n\n<p>Sur ce site, vous trouverez toutes les informations relatives \u00e0 notre club qui \u00e9volue cette saison en premi\u00e8re provinciale Li\u00e9geoise. N\u2019h\u00e9sitez pas \u00e0 visiter r\u00e9guli\u00e8rement ce site, il vous apportera \u00e0 tout moment r\u00e9ponse \u00e0 vos interrogations concernant matchs, classements, joueurs, comptes rendus, organisations\u2026<\/p>\n\n\n\n<p>Le secr\u00e9tariat est \u00e0 votre disposition pour :<\/p>\n\n\n\n<ul class=\"wp-block-list\">\n<li>Documents<\/li>\n\n\n\n<li>Afiliation &amp; transfert<\/li>\n\n\n\n<li>Abonnements<\/li>\n\n\n\n<li>Renseignements divers<\/li>\n<\/ul>\n\n\n\n<p><a href=\"http:\/\/localhost\/wp01\/permanence-secretariat\">Plus d\u2019informations<\/a><\/p>\n\n\n\n<p>Par email \u00e0 l\u2019adresse cq.melen@gmail.com<\/p>\n","protected":false},"excerpt":{"rendered":"<p>Comit\u00e9 &#8211; Localisation &#8211; Historique Bienvenue sur le site officiel de la Royale Alliance Melen-Micheroux RAMM Sur ce site, vous trouverez toutes les informations relatives \u00e0 notre club qui \u00e9volue cette saison en premi\u00e8re provinciale Li\u00e9geoise. N\u2019h\u00e9sitez pas \u00e0 visiter r\u00e9guli\u00e8rement ce site, il vous apportera \u00e0 tout moment r\u00e9ponse \u00e0 vos interrogations concernant matchs, [&hellip;]<\/p>\n","protected":false},"author":1,"featured_media":0,"parent":0,"menu_order":0,"comment_status":"closed","ping_status":"closed","template":"","meta":{"footnotes":""},"class_list":["post-51","page","type-page","status-publish","hentry"],"_links":{"self":[{"href":"https:\/\/www.ramm.be\/cms\/wp-json\/wp\/v2\/pages\/51","targetHints":{"allow":["GET"]}}],"collection":[{"href":"https:\/\/www.ramm.be\/cms\/wp-json\/wp\/v2\/pages"}],"about":[{"href":"https:\/\/www.ramm.be\/cms\/wp-json\/wp\/v2\/types\/page"}],"author":[{"embeddable":true,"href":"https:\/\/www.ramm.be\/cms\/wp-json\/wp\/v2\/users\/1"}],"replies":[{"embeddable":true,"href":"https:\/\/www.ramm.be\/cms\/wp-json\/wp\/v2\/comments?post=51"}],"version-history":[{"count":10,"href":"https:\/\/www.ramm.be\/cms\/wp-json\/wp\/v2\/pages\/51\/revisions"}],"predecessor-version":[{"id":418,"href":"https:\/\/www.ramm.be\/cms\/wp-json\/wp\/v2\/pages\/51\/revisions\/418"}],"wp:attachment":[{"href":"https:\/\/www.ramm.be\/cms\/wp-json\/wp\/v2\/media?parent=51"}],"curies":[{"name":"wp","href":"https:\/\/api.w.org\/{rel}","templated":true}]}}