{"id":39,"date":"2022-11-26T14:43:09","date_gmt":"2022-11-26T13:43:09","guid":{"rendered":"http:\/\/localhost\/wp01\/?page_id=39"},"modified":"2025-08-25T19:52:41","modified_gmt":"2025-08-25T17:52:41","slug":"equipe-premiere","status":"publish","type":"page","link":"https:\/\/www.ramm.be\/cms\/equipe-premiere\/","title":{"rendered":"L&rsquo;\u00e9quipe premi\u00e8re A"},"content":{"rendered":"\n<div class=\"wp-block-group has-border-color has-secondary-border-color is-nowrap is-layout-flex wp-container-core-group-is-layout-9e426b3c wp-block-group-is-layout-flex\" style=\"border-width:2px;border-radius:6px;padding-top:15px;padding-right:15px;padding-bottom:15px;padding-left:15px\">\n<p><a href=\"\/cms\/lequipe-premiere-les-joueurs\/\">Les joueurs<\/a> &#8211; <a href=\"\/cms\/equipe-premiere-b\/\">L&rsquo;\u00e9quipe premi\u00e8re B &#8211; P4E<\/a> &#8211; <a href=\"\/cms\/reserve\/\">La r\u00e9serve<\/a><\/p>\n<\/div>\n\n\n\n<h2 class=\"wp-block-heading\">Piscinenet.be League B (P2)<\/h2>\n\n\n\n<p><object data=\"https:\/\/www.rbfa.be\/fr\/club\/1223\/equipe\/338059\/apercu\" type=\"text\/html\" width=\"100%\" height=\"5000\"><\/p>\n","protected":false},"excerpt":{"rendered":"<p>Les joueurs &#8211; L&rsquo;\u00e9quipe premi\u00e8re B &#8211; P4E &#8211; La r\u00e9serve Piscinenet.be League B (P2)<\/p>\n","protected":false},"author":1,"featured_media":0,"parent":0,"menu_order":0,"comment_status":"closed","ping_status":"closed","template":"","meta":{"footnotes":""},"class_list":["post-39","page","type-page","status-publish","hentry"],"_links":{"self":[{"href":"https:\/\/www.ramm.be\/cms\/wp-json\/wp\/v2\/pages\/39","targetHints":{"allow":["GET"]}}],"collection":[{"href":"https:\/\/www.ramm.be\/cms\/wp-json\/wp\/v2\/pages"}],"about":[{"href":"https:\/\/www.ramm.be\/cms\/wp-json\/wp\/v2\/types\/page"}],"author":[{"embeddable":true,"href":"https:\/\/www.ramm.be\/cms\/wp-json\/wp\/v2\/users\/1"}],"replies":[{"embeddable":true,"href":"https:\/\/www.ramm.be\/cms\/wp-json\/wp\/v2\/comments?post=39"}],"version-history":[{"count":22,"href":"https:\/\/www.ramm.be\/cms\/wp-json\/wp\/v2\/pages\/39\/revisions"}],"predecessor-version":[{"id":1514,"href":"https:\/\/www.ramm.be\/cms\/wp-json\/wp\/v2\/pages\/39\/revisions\/1514"}],"wp:attachment":[{"href":"https:\/\/www.ramm.be\/cms\/wp-json\/wp\/v2\/media?parent=39"}],"curies":[{"name":"wp","href":"https:\/\/api.w.org\/{rel}","templated":true}]}}