{"id":243,"date":"2022-12-04T11:13:59","date_gmt":"2022-12-04T10:13:59","guid":{"rendered":"http:\/\/localhost\/wp01\/?page_id=243"},"modified":"2025-08-25T19:58:41","modified_gmt":"2025-08-25T17:58:41","slug":"reserve","status":"publish","type":"page","link":"https:\/\/www.ramm.be\/cms\/reserve\/","title":{"rendered":"La r\u00e9serve"},"content":{"rendered":"\n<div class=\"wp-block-group has-border-color has-secondary-border-color is-nowrap is-layout-flex wp-container-core-group-is-layout-b5aa8a3f wp-block-group-is-layout-flex\" style=\"border-width:2px;border-radius:6px;padding-top:10px;padding-right:10px;padding-bottom:10px;padding-left:10px\">\n<p><a href=\"\/cms\/equipe-premiere\/\">L&rsquo;\u00e9quipe premi\u00e8re &#8211; P2<\/a> | <a href=\"\/cms\/equipe-premiere-b\/\">L&rsquo;\u00e9quipe premi\u00e8re B &#8211; P4E<\/a><\/p>\n<\/div>\n\n\n\n<p><object data=\"https:\/\/www.rbfa.be\/fr\/club\/1223\/equipe\/344056\/apercu\" type=\"text\/html\" width=\"100%\" height=\"5000\"><\/p>\n","protected":false},"excerpt":{"rendered":"<p>L&rsquo;\u00e9quipe premi\u00e8re &#8211; P2 | L&rsquo;\u00e9quipe premi\u00e8re B &#8211; P4E<\/p>\n","protected":false},"author":1,"featured_media":0,"parent":0,"menu_order":0,"comment_status":"closed","ping_status":"closed","template":"","meta":{"footnotes":""},"class_list":["post-243","page","type-page","status-publish","hentry"],"_links":{"self":[{"href":"https:\/\/www.ramm.be\/cms\/wp-json\/wp\/v2\/pages\/243","targetHints":{"allow":["GET"]}}],"collection":[{"href":"https:\/\/www.ramm.be\/cms\/wp-json\/wp\/v2\/pages"}],"about":[{"href":"https:\/\/www.ramm.be\/cms\/wp-json\/wp\/v2\/types\/page"}],"author":[{"embeddable":true,"href":"https:\/\/www.ramm.be\/cms\/wp-json\/wp\/v2\/users\/1"}],"replies":[{"embeddable":true,"href":"https:\/\/www.ramm.be\/cms\/wp-json\/wp\/v2\/comments?post=243"}],"version-history":[{"count":10,"href":"https:\/\/www.ramm.be\/cms\/wp-json\/wp\/v2\/pages\/243\/revisions"}],"predecessor-version":[{"id":1516,"href":"https:\/\/www.ramm.be\/cms\/wp-json\/wp\/v2\/pages\/243\/revisions\/1516"}],"wp:attachment":[{"href":"https:\/\/www.ramm.be\/cms\/wp-json\/wp\/v2\/media?parent=243"}],"curies":[{"name":"wp","href":"https:\/\/api.w.org\/{rel}","templated":true}]}}