{"id":237,"date":"2022-12-04T11:09:25","date_gmt":"2022-12-04T10:09:25","guid":{"rendered":"http:\/\/localhost\/wp01\/?page_id=237"},"modified":"2025-08-25T19:54:58","modified_gmt":"2025-08-25T17:54:58","slug":"equipe-premiere-b","status":"publish","type":"page","link":"https:\/\/www.ramm.be\/cms\/equipe-premiere-b\/","title":{"rendered":"L&rsquo;\u00e9quipe premi\u00e8re B"},"content":{"rendered":"\n<div class=\"wp-block-group has-border-color has-secondary-border-color is-nowrap is-layout-flex wp-container-core-group-is-layout-b5aa8a3f wp-block-group-is-layout-flex\" style=\"border-width:2px;border-radius:6px;padding-top:10px;padding-right:10px;padding-bottom:10px;padding-left:10px\">\n<p><a href=\"\/cms\/lequipe-premiere-les-joueurs\/\">Les joueurs<\/a> &#8211; <a href=\"\/cms\/equipe-premiere\/\">L&rsquo;\u00e9quipe premi\u00e8re &#8211; P2<\/a> &#8211; <a href=\"\/cms\/reserve\/\">La r\u00e9serve<\/a><\/p>\n<\/div>\n\n\n\n<h2 class=\"wp-block-heading\">P4E<\/h2>\n\n\n\n<p><object data=\"https:\/\/www.rbfa.be\/fr\/club\/1223\/equipe\/338060\/apercu\" type=\"text\/html\" width=\"100%\" height=\"5000\"><\/p>\n","protected":false},"excerpt":{"rendered":"<p>Les joueurs &#8211; L&rsquo;\u00e9quipe premi\u00e8re &#8211; P2 &#8211; La r\u00e9serve P4E<\/p>\n","protected":false},"author":1,"featured_media":0,"parent":0,"menu_order":0,"comment_status":"closed","ping_status":"closed","template":"","meta":{"footnotes":""},"class_list":["post-237","page","type-page","status-publish","hentry"],"_links":{"self":[{"href":"https:\/\/www.ramm.be\/cms\/wp-json\/wp\/v2\/pages\/237","targetHints":{"allow":["GET"]}}],"collection":[{"href":"https:\/\/www.ramm.be\/cms\/wp-json\/wp\/v2\/pages"}],"about":[{"href":"https:\/\/www.ramm.be\/cms\/wp-json\/wp\/v2\/types\/page"}],"author":[{"embeddable":true,"href":"https:\/\/www.ramm.be\/cms\/wp-json\/wp\/v2\/users\/1"}],"replies":[{"embeddable":true,"href":"https:\/\/www.ramm.be\/cms\/wp-json\/wp\/v2\/comments?post=237"}],"version-history":[{"count":14,"href":"https:\/\/www.ramm.be\/cms\/wp-json\/wp\/v2\/pages\/237\/revisions"}],"predecessor-version":[{"id":1515,"href":"https:\/\/www.ramm.be\/cms\/wp-json\/wp\/v2\/pages\/237\/revisions\/1515"}],"wp:attachment":[{"href":"https:\/\/www.ramm.be\/cms\/wp-json\/wp\/v2\/media?parent=237"}],"curies":[{"name":"wp","href":"https:\/\/api.w.org\/{rel}","templated":true}]}}