{"id":16,"date":"2022-11-26T11:38:39","date_gmt":"2022-11-26T10:38:39","guid":{"rendered":"http:\/\/localhost\/wp01\/?page_id=16"},"modified":"2022-11-26T11:38:39","modified_gmt":"2022-11-26T10:38:39","slug":"permanence-secretariat","status":"publish","type":"page","link":"https:\/\/www.ramm.be\/cms\/permanence-secretariat\/","title":{"rendered":"Permanence secr\u00e9tariat"},"content":{"rendered":"\n<p>Le secr\u00e9tariat est \u00e0 votre disposition pour :<\/p>\n\n\n\n<ul class=\"wp-block-list\">\n<li>Documents\n<ul class=\"wp-block-list\">\n<li>d\u00e9claration &amp; quittance accident<\/li>\n\n\n\n<li>mutuelle<\/li>\n<\/ul>\n<\/li>\n\n\n\n<li>Afiliation &#038; transfert\n<ul class=\"wp-block-list\">\n<li>Pour une affiliation, veuillez vous munir de la carte d&rsquo;identit\u00e9 du joueur, si celui-ci a moins de 18 ans,&nbsp;il faut la pr\u00e9sence d&rsquo;un parent avec sa carte d&rsquo;identit\u00e9 ET le code PIN.<\/li>\n\n\n\n<li>Pour un transfert, un joueur de plus de 18 ans doit se munir de carte d&rsquo;identit\u00e9 et son code PIN &#8211; un joueur de moins de 18 ans doit \u00eatre accompagn\u00e9 d&rsquo;un parent, avec sa carte d&rsquo;identit\u00e9 et son code PIN.<\/li>\n<\/ul>\n<\/li>\n\n\n\n<li>Abonnements<\/li>\n\n\n\n<li>Renseignements divers<\/li>\n<\/ul>\n\n\n\n<p>Par email \u00e0 l&rsquo;adresse cq.melen@gmail.com<\/p>\n","protected":false},"excerpt":{"rendered":"<p>Le secr\u00e9tariat est \u00e0 votre disposition pour : Par email \u00e0 l&rsquo;adresse cq.melen@gmail.com<\/p>\n","protected":false},"author":1,"featured_media":0,"parent":0,"menu_order":0,"comment_status":"closed","ping_status":"closed","template":"","meta":{"footnotes":""},"class_list":["post-16","page","type-page","status-publish","hentry"],"_links":{"self":[{"href":"https:\/\/www.ramm.be\/cms\/wp-json\/wp\/v2\/pages\/16","targetHints":{"allow":["GET"]}}],"collection":[{"href":"https:\/\/www.ramm.be\/cms\/wp-json\/wp\/v2\/pages"}],"about":[{"href":"https:\/\/www.ramm.be\/cms\/wp-json\/wp\/v2\/types\/page"}],"author":[{"embeddable":true,"href":"https:\/\/www.ramm.be\/cms\/wp-json\/wp\/v2\/users\/1"}],"replies":[{"embeddable":true,"href":"https:\/\/www.ramm.be\/cms\/wp-json\/wp\/v2\/comments?post=16"}],"version-history":[{"count":1,"href":"https:\/\/www.ramm.be\/cms\/wp-json\/wp\/v2\/pages\/16\/revisions"}],"predecessor-version":[{"id":17,"href":"https:\/\/www.ramm.be\/cms\/wp-json\/wp\/v2\/pages\/16\/revisions\/17"}],"wp:attachment":[{"href":"https:\/\/www.ramm.be\/cms\/wp-json\/wp\/v2\/media?parent=16"}],"curies":[{"name":"wp","href":"https:\/\/api.w.org\/{rel}","templated":true}]}}